{"id":3,"date":"2019-09-04T15:22:31","date_gmt":"2019-09-04T13:22:31","guid":{"rendered":"https:\/\/sites.unimi.it\/dairysmart\/?page_id=3"},"modified":"2019-09-07T18:59:48","modified_gmt":"2019-09-07T16:59:48","slug":"privacy-policy","status":"publish","type":"page","link":"https:\/\/dairysmart.unimi.it\/en\/privacy-policy\/","title":{"rendered":"Privacy Policy"},"content":{"rendered":"<div data-elementor-type=\"wp-post\" data-elementor-id=\"3\" class=\"elementor elementor-3\">\n\t\t\t\t\t\t<section class=\"elementor-section elementor-top-section elementor-element elementor-element-3043f10b elementor-section-boxed elementor-section-height-default elementor-section-height-default\" data-id=\"3043f10b\" data-element_type=\"section\">\n\t\t\t\t\t\t<div class=\"elementor-container elementor-column-gap-default\">\n\t\t\t\t\t<div class=\"elementor-column elementor-col-100 elementor-top-column elementor-element elementor-element-7e4bd164\" data-id=\"7e4bd164\" data-element_type=\"column\">\n\t\t\t<div class=\"elementor-widget-wrap elementor-element-populated\">\n\t\t\t\t\t\t<div class=\"elementor-element elementor-element-333d20dc elementor-widget elementor-widget-text-editor\" data-id=\"333d20dc\" data-element_type=\"widget\" data-widget_type=\"text-editor.default\">\n\t\t\t\t<div class=\"elementor-widget-container\">\n\t\t\t\t\t\t\t<p><strong>Premessa<\/strong><\/p>\n<p>Ai sensi dell\u2019art. 13 del Regolamento (UE) 2016\/679 (Regolamento Generale sulla Protezione dei Dati o RGPD) del Parlamento Europeo e del Consiglio relativo alla protezione delle persone fisiche con riguardo al trattamento dei dati personali, nonch\u00e9 alla libera circolazione di tali dati e che abroga la direttiva 95\/46\/CE, nonch\u00e9 del D. Lgs 196\/2003 e ss. mm. ii., l\u2019Universit\u00e0 degli Studi di Milano (nel seguito indicata anche come \u201cAteneo\u201d) nella persona del Rettore pro tempore, informa gli utenti in merito all\u2019utilizzo dei dati personali che li riguardano da parte del sito web https:\/\/costruzionirurali.unimi.it (di seguito anche \u201csito\u201d).\u00a0 Questa informativa \u00e8 resa in m2erito alla modalit\u00e0 di gestione del sito, in relazione al trattamento dei dati personali degli utenti che lo consultano, che scelgono di registrarsi e\/o che utilizzano servizi online proposti. Resta ferma l\u2019osservanza da parte dell\u2019Universit\u00e0 degli Studi di Milano della vigente normativa in materia di trasparenza e di pubblicazione obbligatoria di dati e documenti. La presente informativa \u00e8 limitata al solo sito https:\/\/costruzionirurali.unimi.it e non ha valore per i siti esterni anche se accessibili a partire da link presenti su https:\/\/costruzionirurali.unimi.it. Per gli utenti minori di 14 anni sar\u00e0 necessario legittimare il consenso all\u2019utilizzo dei dati personali attraverso l\u2019autorizzazione dei genitori o di chi ne fa le veci.<strong>\u00a0<\/strong><\/p>\n<p><strong>1. Titolare del trattamento e Responsabile per la protezione dei dati (RPD)<\/strong><\/p>\n<p>Titolare del trattamento dei dati \u00e8 l\u2019Universit\u00e0 degli Studi di Milano, nella persona del Rettore pro tempore, Via Festa del Perdono n. 7, 20122 Milano, e-mail infoprivacy@unimi.it. Ai sensi degli artt. 37 e seguenti del Regolamento UE 2016\/679, l\u2019Ateneo ha nominato il Responsabile per la protezione dei dati (RPD) contattabile all\u2019indirizzo e-mail dpo@unimi.it.<\/p>\n<p><strong>2. <\/strong><strong>Finalit\u00e0 e base giuridica del trattamento<\/strong><\/p>\n<p>I dati personali che potrebbero essere\/sono trattati sono:<\/p>\n<p>\u2013 indirizzo IP;<\/p>\n<p>\u2013 tipo di browser e parametri del dispositivo usato per connettersi al sito;<\/p>\n<p>\u2013 nome dell\u2019internet service provider (ISP);<\/p>\n<p>\u2013 data ed orario di visita;<\/p>\n<p>\u2013 pagina web di provenienza del visitatore (referral) e di uscita;<\/p>\n<p>\u2013 eventuale numero di click;<\/p>\n<p>\u2013 forniti volontariamente dall\u2019utente nell\u2019utilizzo di servizi on line proposti su sito;<\/p>\n<p>\u2013 i dati forniti di volta in volta dagli utenti in relazione allo specifico servizio richiesto;<\/p>\n<p>Le suddette informazioni sono trattate in forma automatizzata e raccolte in forma aggregata al fine di verificare il corretto funzionamento del sito e per motivi di sicurezza. Tali informazioni saranno trattate in base al legittimo interesse del titolare.<\/p>\n<p>Ai fini di sicurezza (filtri antispam, firewall, rilevazione virus), i dati registrati automaticamente possono eventualmente comprendere dati personali come l\u2019indirizzo IP, che potrebbe essere utilizzato, in conformit\u00e0 alla legge vigente, al fine di bloccare tentativi di danneggiamento al sito o di recare danno ad altri utenti, o comunque attivit\u00e0 dannose o costituenti reato. In ogni caso tali dati non verranno mai utilizzati a fini di profilazione dell\u2019utenza del sito ma solo a fini di tutela del sito e dei suoi utenti.<\/p>\n<p>Le basi giuridiche del trattamento sono quindi l\u2019ottemperanza a obblighi di legge e contrattuali, l\u2019adempimento di specifiche richieste dell\u2019interessato prima della conclusione del contratto e il trattamento dei dati connesso alla gestione di eventuali reclami o contenziosi e per la prevenzione e repressione di frodi e di qualsiasi attivit\u00e0 illecita.<\/p>\n<p><strong>3. Tipi di dati trattati<\/strong><\/p>\n<p>I Dati Personali sono raccolti per le seguenti finalit\u00e0 ed utilizzando i seguenti servizi.<\/p>\n<p>I sistemi informatici e le procedure applicative preposte al funzionamento del sito acquisiscono, nel corso del loro normale esercizio, alcuni dati la cui trasmissione \u00e8 implicita nell\u2019uso dei protocolli di comunicazione sulla Internet.<\/p>\n<p>Tali informazioni vengono utilizzate per ricavare informazioni statistiche anonime sull\u2019uso del portale e per controllarne il corretto funzionamento e non sono associate a utenti identificati; tuttavia per loro natura e mediante associazioni con dati detenuti da terzi, potrebbero consentire l\u2019identificazione degli interessati. Rientra in questa categoria, ad esempio, l\u2019indirizzo IP del sistema utilizzato per collegarsi al portale.<\/p>\n<p>Questi dati vengono rimossi dai sistemi dopo l\u2019elaborazione delle statistiche e sono conservati off-line esclusivamente per accertamenti di responsabilit\u00e0 in caso di reati informatici e consultabili solo su richiesta dell\u2019autorit\u00e0 giudiziaria.<\/p>\n<p>Per l\u2019utilizzo di servizi on-line che prevedono l\u2019autenticazione, la registrazione o l\u2019invio di e-mail sono utilizzati dati personali forniti liberamente dagli utenti secondo diverse modalit\u00e0.<\/p>\n<p>L\u2019invio facoltativo, esplicito e volontario di posta elettronica agli indirizzi indicati sul sito comporta la successiva acquisizione dell\u2019indirizzo del mittente, necessario per rispondere alle richieste, nonch\u00e9 degli eventuali altri dati personali inseriti nella missiva.<\/p>\n<p>Il sito web si avvale, inoltre, dei seguenti servizi di terze parti:<\/p>\n<ul>\n<li>analisi del traffico dati tramite Google Analytics con anonimizzazione indirizzi IP (<a href=\"https:\/\/policies.google.com\/privacy?hl=it\">https:\/\/policies.google.com\/privacy?hl=it<\/a>)<\/li>\n<li>incorporamento di mappe tramite Google Maps (<a href=\"https:\/\/policies.google.com\/privacy?hl=it\">https:\/\/policies.google.com\/privacy?hl=it<\/a>)<\/li>\n<li>incorporamento di video YouTube (<a href=\"https:\/\/policies.google.com\/privacy?hl=it\">https:\/\/policies.google.com\/privacy?hl=it<\/a>)<\/li>\n<\/ul>\n<p>Per ulteriori informazioni consulta il paragrafo 6 e i suoi sottoparagrafi.<\/p>\n<p><strong>4. Facoltativit\u00e0 del conferimento dei dati<\/strong><\/p>\n<p>Alcuni dati richiesti (es. quelli per la registrazione) sono obbligatori e il loro mancato conferimento comporta l\u2019impossibilit\u00e0 di fornire il servizio richiesto.<\/p>\n<p>In modo analogo la mancata comunicazione di alcuni dati eventualmente richiesti per la sottoscrizione di servizi online pu\u00f2 comportare l\u2019impossibilit\u00e0 di fruire del servizio prescelto.<\/p>\n<p>I dati di registrazione e quelli di sottoscrizione sono conferiti volontariamente.<\/p>\n<p>Il soggetto che effettua la registrazione d\u00e0 liberamente il consenso al trattamento dei dati, consapevole che in assenza di tale consenso la registrazione e la sottoscrizione dei servizi non possono aver luogo.<\/p>\n<p>I trattamenti effettuati prima della revoca del consenso da parte dell\u2019interessato resteranno comunque validi.<\/p>\n<p><strong>5. Modalit\u00e0 del trattamento<\/strong><\/p>\n<p>La raccolta dei dati avviene nel rispetto dei principi di pertinenza, completezza e non eccedenza in relazione ai fini per i quali sono trattati. I dati personali conferiti sono trattati in osservanza dei principi di liceit\u00e0, correttezza e trasparenza, previsti dall\u2019articolo 5 RGPD, anche con l\u2019ausilio di strumenti informatici e telematici atti a memorizzare e gestire i dati stessi, e comunque in modo tale da garantirne la sicurezza e tutelare la massima riservatezza dell\u2019interessato. I dati possono essere oggetto di trattamento in forma anonima per lo svolgimento di attivit\u00e0 statistiche finalizzate al miglioramento dei servizi offerti.<\/p>\n<p><strong>6. Utilizzo di cookie<\/strong><\/p>\n<p>I cookie sono file di testo che vengono depositati sui computer degli utenti web per consentire l\u2019esplorazione sicura ed efficiente del sito e monitorarne l\u2019utilizzo.<\/p>\n<p>Il sito https:\/\/costruzionirurali.unimi.it utilizza cookie tecnici e di sessione, cookie di monitoraggio e cookie di terze parti.<\/p>\n<p>Non vengono utilizzati cookie di profilazione per finalit\u00e0 differenti da quelle qui dichiarate. Potrebbero tuttavia esserci altri cookie di profilazione o con finalit\u00e0 differenti da quelle qui dichiarate utilizzati dai servizi di terze parti.<\/p>\n<p><strong>6.1 Cookie tecnici e di sessione di prima parte (indispensabili per l\u2019utilizzo dei servizi on line e per l\u2019accesso alle aree riservate del portale)<\/strong><\/p>\n<p>ll sito https:\/\/costruzionirurali.unimi.it utilizza diversi cookie http di sessione per gestire l\u2019autenticazione ai servizi on-line e alle aree riservate. L\u2019uso di cookie di sessione (che non vengono memorizzati in modo persistente sul computer dell\u2019utente e si eliminano con la chiusura del browser) \u00e8 strettamente limitato alla trasmissione di identificativi di sessione (costituiti da numeri casuali generati dal server) necessari per consentire l\u2019esplorazione sicura ed efficiente del sito.<\/p>\n<p>Questi cookie non memorizzano alcun tipo di informazione di identificazione personale.<\/p>\n<p>La disabilitazione dei cookie di sessione non consente di fruire in modo completo le risorse mese a disposizione del sito.<\/p>\n<p>Cookie tecnici utilizzati:<\/p>\n<table width=\"103%\">\n<tbody>\n<tr>\n<td width=\"24%\"><strong>Nome<\/strong><\/td>\n<td width=\"34%\"><strong>Origine<\/strong><\/td>\n<td width=\"28%\"><strong>Funzione \/ dati raccolti <\/strong><\/td>\n<td width=\"11%\"><strong>Scadenza<\/strong><\/td>\n<\/tr>\n<tr>\n<td width=\"24%\">\n<p><strong>wordpress_*,<\/strong><\/p>\n<p><strong>wordpress_logged_in_*,<\/strong><\/p>\n<p><strong>wordpress_sec_*, <\/strong><\/p>\n<p><strong>wordpress_test_*, wordpress_test_cookie, _wp_session<\/strong><\/p>\n<p><strong>\u00a0<\/strong><\/p>\n<p><strong>\u00a0<\/strong><\/p>\n<p><strong>\u00a0<\/strong><\/p>\n<p><strong>Wp-settings-*,<\/strong><\/p>\n<p><strong>wp-settings-time-*<\/strong><\/p>\n<\/td>\n<td width=\"34%\">https:\/\/ costruzionirurali.unimi.it:<\/td>\n<td width=\"28%\">Migliorare i servizi per gli utenti del sito, consentire o facilitare la navigazione (es: utenticare gli utenti registrati, memorizzare le preferenze, impostare la lingua e tenere traccia delle pagine visitate).<\/td>\n<td width=\"11%\">\n<p>Sessione<\/p>\n<p>\u00a0<\/p>\n<p>\u00a0<\/p>\n<p>\u00a0<\/p>\n<p>\u00a0<\/p>\n<p>1 anno<\/p>\n<\/td>\n<\/tr>\n<\/tbody>\n<\/table>\n<p><strong>\u00a06.2 Cookie di monitoraggio<\/strong><\/p>\n<p><strong>Descrizione del servizio<\/strong><\/p>\n<p>Il sito si avvale del servizio Google Analytics della societ\u00e0 Google, Inc. (di seguito \u201cGoogle\u201d) per la generazione di statistiche sull\u2019utilizzo del portale web; Google Analytics utilizza cookie (non di terze parti) che non memorizzano dati personali. Le informazioni ricavabili dai cookie sull\u2019utilizzo del sito web da parte degli utenti (compresi gli indirizzi IP) verranno trasmesse dal browser dell\u2019utente a Google, con sede a 1600 Amphitheatre Parkway, Mountain View, CA 94043, Stati Uniti, e depositate presso i server della societ\u00e0 stessa.<\/p>\n<p>Secondo i <a href=\"http:\/\/www.google.com\/analytics\/terms\/it.html\">termini di servizio<\/a> in essere, Google utilizzer\u00e0 queste informazioni, in qualit\u00e0 di titolare autonomo del trattamento, allo scopo di tracciare e esaminare l\u2019utilizzo del sito web, compilare report sulle attivit\u00e0 del sito ad uso degli operatori del sito stesso e fornire altri servizi relativi alle attivit\u00e0 del sito web, alle modalit\u00e0 di connessione (mobile, pc, browser utilizzato etc) e alle modalit\u00e0 di ricerca e raggiungimento delle pagine del portale. Google pu\u00f2 anche trasferire queste informazioni a terzi ove ci\u00f2 sia imposto dalla legge o laddove tali terzi trattino le suddette informazioni per conto di Google. Google non associer\u00e0 gli indirizzi IP a nessun altro dato posseduto da Google.<\/p>\n<p>Per consultare l\u2019informativa privacy della societ\u00e0 Google, relativa al servizio Google Analytics, si prega di visitare il sito Internet <a href=\"http:\/\/www.google.com\/intl\/en\/analytics\/privacyoverview.html\">http:\/\/www.google.com\/intl\/en\/analytics\/privacyoverview.html<\/a>. Per conoscere le norme sulla privacy di Google, si invita a vistare il sito Internet <a href=\"http:\/\/www.google.com\/intl\/it\/privacy\/privacy-policy.html\">http:\/\/www.google.com\/intl\/it\/privacy\/privacy-policy.html<\/a>.<\/p>\n<p>Utilizzando il sito, si acconsente al trattamento dei propri dati da parte di Google per le modalit\u00e0 e i fini sopra indicati e nelle modalit\u00e0 dichiarate dal fornitore del servizio.<\/p>\n<p>I cookie di monitoraggio possono essere disabilitati senza nessuna conseguenza sulla navigazione del portale: per disabilitarli si veda il punto 6.4.<\/p>\n<table width=\"100%\">\n<tbody>\n<tr>\n<td width=\"13%\">\u00a0<strong>Nome<\/strong><\/td>\n<td width=\"8%\"><strong>Origine<\/strong><\/td>\n<td><strong>Funzione \/ dati raccolti<\/strong><\/td>\n<td><strong>Scadenza<\/strong><\/td>\n<\/tr>\n<tr>\n<td width=\"13%\"><strong>_ga<\/strong><\/td>\n<td width=\"8%\">Google<\/td>\n<td>Utilizzato per raccogliere dati anonimi sulle statistiche di accesso al sito<\/td>\n<td>24 mesi (2 anni): la data di scadenza viene rinnovata ad ogni hit<\/td>\n<\/tr>\n<tr>\n<td width=\"13%\">\n<p><strong>_gat<\/strong><\/p>\n<p><strong>\u00a0<\/strong><\/p>\n<\/td>\n<td width=\"8%\">Google<\/td>\n<td>Utilizzato per raccogliere dati anonimi\u00a0 sulle statistiche di accesso al sito<\/td>\n<td>10 minuti<\/td>\n<\/tr>\n<\/tbody>\n<\/table>\n<p><strong>6.3 Cookie di terze parti<\/strong><\/p>\n<p>Questo sito utilizza alcune funzionalit\u00e0 fornite da altre organizzazioni (\u201cTerze parti\u201d) per migliorare l\u2019esperienza di navigazione quali ad esempio l\u2019inclusione di video.<\/p>\n<p>Le informazioni raccolte da \u201cterze parti\u201d non sono accessibili alla propriet\u00e0 di questo sito e la loro gestione \u00e8 disciplinata dalle relative informative cui si prega di fare riferimento.<\/p>\n<p><strong>YouTube<\/strong><\/p>\n<table width=\"100%\">\n<tbody>\n<tr>\n<td width=\"27%\"><strong>Nome<\/strong><\/td>\n<td width=\"19%\"><strong>Origine<\/strong><\/td>\n<td width=\"54%\"><strong>Informativa <\/strong><\/td>\n<\/tr>\n<tr>\n<td width=\"27%\">\n<p><strong>VISITOR_INFO1_LIVE<\/strong><\/p>\n<p><strong>YSC<\/strong><\/p>\n<p><strong>PREF<\/strong><\/p>\n<p><strong>GEUP<\/strong><\/p>\n<\/td>\n<td width=\"19%\">www.youtube.com<\/td>\n<td width=\"54%\">\n<p><a href=\"https:\/\/policies.google.com\/technologies\/cookies?hl=it\">https:\/\/policies.google.com\/technologies\/cookies?hl=it<\/a><\/p>\n<p>\u00a0<\/p>\n<\/td>\n<\/tr>\n<\/tbody>\n<\/table>\n<p><strong>\u00a0<\/strong><\/p>\n<p><strong>6.4 Come disabilitare i cookie (opt-out)<\/strong><\/p>\n<p>\u00c8 possibile negare il consenso all\u2019utilizzo dei cookie selezionando l\u2019impostazione appropriata sul proprio browser: la navigazione non autenticata (quando richiesta) sar\u00e0 comunque disponibile in tutte le sue funzionalit\u00e0. Di seguito vengono riportati i link che spiegano come disabilitare i cookie per i browser pi\u00f9 diffusi (per altri browser eventualmente utilizzati suggeriamo di cercare questa opzione nell\u2019help del software normalmente disponibile attraverso il tasto F1):<\/p>\n<p>Internet Explorer:<\/p>\n<p><a href=\"http:\/\/windows.microsoft.com\/it-IT\/windows7\/Block-enable-or-allow-cookies\">http:\/\/windows.microsoft.com\/it-IT\/windows7\/Block-enable-or-allow-cookies<\/a><br \/>Google Chrome:<\/p>\n<p><a href=\"https:\/\/support.google.com\/chrome\/bin\/answer.py?hl=it-IT&amp;answer=95647&amp;p=cpn_cookies\">https:\/\/support.google.com\/chrome\/bin\/answer.py?hl=it-IT&amp;answer=95647&amp;p=cpn_cookies<\/a><br \/>Mozilla Firefox:<\/p>\n<p><a href=\"http:\/\/support.mozilla.org\/it\/kb\/Bloccare%20i%20cookie?redirectlocale=en-US&amp;redirectslug=Blocking+cookies\">http:\/\/support.mozilla.org\/it\/kb\/Bloccare%20i%20cookie?redirectlocale=en-US&amp;redirectslug=Blocking+cookies<\/a><br \/>Apple Safari:\u00a0 <a href=\"http:\/\/www.apple.com\/it\/privacy\/use-of-cookies\/\">http:\/\/www.apple.com\/it\/privacy\/use-of-cookies\/<\/a><\/p>\n<p>In alternativa \u00e8 possibile disabilitare soltanto i cookie di Google Analytics, utilizzando il <a href=\"https:\/\/tools.google.com\/dlpage\/gaoptout?hl=it\">componente aggiuntivo di opt-out<\/a> fornito da Google per i browser principali.<\/p>\n<p><strong>7. Categorie di soggetti autorizzati al trattamento e ai quali i dati possono essere comunicati<\/strong><\/p>\n<p>I dati personali degli utenti saranno conosciuti e trattati, nel rispetto della vigente normativa in materia, dal personale del Dipartimento di Scienze Agrarie e Ambientali \u2013 Produzione, Territorio, Agroenergia coinvolto nella manutenzione del sito.<\/p>\n<p>I dati potranno essere comunicati:<\/p>\n<ol>\n<li>a) alle strutture dell\u2019Ateneo che ne facciano richiesta, per le finalit\u00e0 istituzionali dell\u2019Ateneo o in osservanza di obblighi legislativi;<\/li>\n<li>b) a soggetti pubblici non economici o consorzi partecipati dall\u2019Ateneo (ad es. MIUR) quando la comunicazione \u00e8 necessaria per lo svolgimento di funzioni istituzionali dell\u2019ente richiedente;<\/li>\n<li>c) ad alcuni soggetti esterni, individuati come Responsabili del trattamento ex art. 28 RGPD;<\/li>\n<\/ol>\n<p>\u00c8 fatta salva, in ogni caso, la comunicazione o diffusione di dati richiesti, in conformit\u00e0 alla legge, dall\u2019Autorit\u00e0 di Pubblica Sicurezza, dall\u2019Autorit\u00e0 Giudiziaria o da altri soggetti pubblici per finalit\u00e0 di difesa, sicurezza dello Stato ed accertamento dei reati, nonch\u00e9 la comunicazione all\u2019Autorit\u00e0 Giudiziaria in ottemperanza ad obblighi di legge, laddove si ravvisino ipotesi di reato. Non saranno, infine, trasferiti dati personali verso Paesi terzi od organizzazioni internazionali a meno che ci\u00f2 non sia strettamente connesso a richieste specifiche provenienti dall\u2019utente o a necessit\u00e0 legate alla finalizzazione dell\u2019intervento, per le quali si acquisir\u00e0 apposito consenso.<\/p>\n<p><strong>8. Conservazione dei dati <\/strong><\/p>\n<p>I dati saranno conservati dall\u2019Universit\u00e0 degli studi di Milano per il tempo strettamente necessario al perseguimento delle finalit\u00e0 indicate e nel rispetto degli obblighi di legge.<\/p>\n<p><strong>9. Diritti dell\u2019interessato <\/strong><\/p>\n<p>L\u2019Interessato pu\u00f2 proporre reclamo a un\u2019Autorit\u00e0 di controllo ed esercitare ai sensi degli artt. da 15 a 22 del RGPD il diritto di:<\/p>\n<p>\u2013 proporre reclamo a un\u2019Autorit\u00e0 di controllo;<\/p>\n<p>\u2013 chiedere ai contitolari del trattamento l\u2019accesso ai dati personali che lo riguardano, la rettifica o la cancellazione degli stessi, la limitazione del trattamento;<\/p>\n<p>\u2013 opporsi al trattamento;<\/p>\n<p>\u2013 chiedere la portabilit\u00e0 dei dati,<\/p>\n<p>rivolgendosi ai seguenti contatti: Responsabile della Protezione dei Dati \u2013 e-mail: dpo@pec.unimi.it.<\/p>\n<p><strong>10. Modifiche alle Informazioni<\/strong><\/p>\n<p>Le presenti informazioni potrebbero subire delle modifiche nel tempo. Si consiglia, pertanto, di verificare, nella sezione Privacy del sito web https:\/\/sites.unimi.it\/dairysmart, che la versione a cui ci si riferisce sia la pi\u00f9 aggiornata.<\/p>\n<p><!-- wp:heading --><!-- \/wp:heading --><\/p>\t\t\t\t\t\t<\/div>\n\t\t\t\t<\/div>\n\t\t\t\t\t<\/div>\n\t\t<\/div>\n\t\t\t\t\t<\/div>\n\t\t<\/section>\n\t\t\t\t<\/div>","protected":false},"excerpt":{"rendered":"<p>Premessa Ai sensi dell\u2019art. 13 del Regolamento (UE) 2016\/679 (Regolamento Generale sulla Protezione dei Dati o RGPD) del Parlamento Europeo e del Consiglio relativo alla protezione delle persone fisiche con riguardo al trattamento dei dati personali, nonch\u00e9 alla libera circolazione di tali dati e che abroga la direttiva 95\/46\/CE, nonch\u00e9 del D. Lgs 196\/2003 e&#8230;<\/p>","protected":false},"author":1,"featured_media":0,"parent":0,"menu_order":0,"comment_status":"closed","ping_status":"open","template":"","meta":{"footnotes":""},"class_list":["post-3","page","type-page","status-publish","hentry"],"_links":{"self":[{"href":"https:\/\/dairysmart.unimi.it\/en\/wp-json\/wp\/v2\/pages\/3","targetHints":{"allow":["GET"]}}],"collection":[{"href":"https:\/\/dairysmart.unimi.it\/en\/wp-json\/wp\/v2\/pages"}],"about":[{"href":"https:\/\/dairysmart.unimi.it\/en\/wp-json\/wp\/v2\/types\/page"}],"author":[{"embeddable":true,"href":"https:\/\/dairysmart.unimi.it\/en\/wp-json\/wp\/v2\/users\/1"}],"replies":[{"embeddable":true,"href":"https:\/\/dairysmart.unimi.it\/en\/wp-json\/wp\/v2\/comments?post=3"}],"version-history":[{"count":2,"href":"https:\/\/dairysmart.unimi.it\/en\/wp-json\/wp\/v2\/pages\/3\/revisions"}],"predecessor-version":[{"id":108,"href":"https:\/\/dairysmart.unimi.it\/en\/wp-json\/wp\/v2\/pages\/3\/revisions\/108"}],"wp:attachment":[{"href":"https:\/\/dairysmart.unimi.it\/en\/wp-json\/wp\/v2\/media?parent=3"}],"curies":[{"name":"wp","href":"https:\/\/api.w.org\/{rel}","templated":true}]}}