{"id":237,"date":"2019-12-29T21:58:11","date_gmt":"2019-12-29T20:58:11","guid":{"rendered":"https:\/\/dairysmart.unimi.it\/?page_id=237"},"modified":"2024-08-26T13:09:53","modified_gmt":"2024-08-26T11:09:53","slug":"task-2","status":"publish","type":"page","link":"https:\/\/dairysmart.unimi.it\/en\/task-2\/","title":{"rendered":"Indacat (2022)"},"content":{"rendered":"<div data-elementor-type=\"wp-post\" data-elementor-id=\"237\" class=\"elementor elementor-237\">\n\t\t\t\t\t\t<section class=\"elementor-section elementor-top-section elementor-element elementor-element-9601c27 elementor-section-boxed elementor-section-height-default elementor-section-height-default\" data-id=\"9601c27\" data-element_type=\"section\">\n\t\t\t\t\t\t<div class=\"elementor-container elementor-column-gap-default\">\n\t\t\t\t\t<div class=\"elementor-column elementor-col-100 elementor-top-column elementor-element elementor-element-377396d\" data-id=\"377396d\" data-element_type=\"column\">\n\t\t\t<div class=\"elementor-widget-wrap\">\n\t\t\t\t\t\t\t<\/div>\n\t\t<\/div>\n\t\t\t\t\t<\/div>\n\t\t<\/section>\n\t\t\t\t<section class=\"elementor-section elementor-top-section elementor-element elementor-element-0cbffdf elementor-section-boxed elementor-section-height-default elementor-section-height-default\" data-id=\"0cbffdf\" data-element_type=\"section\">\n\t\t\t\t\t\t<div class=\"elementor-container elementor-column-gap-default\">\n\t\t\t\t\t<div class=\"elementor-column elementor-col-100 elementor-top-column elementor-element elementor-element-4d2d9d3\" data-id=\"4d2d9d3\" data-element_type=\"column\">\n\t\t\t<div class=\"elementor-widget-wrap elementor-element-populated\">\n\t\t\t\t\t\t<section class=\"elementor-section elementor-inner-section elementor-element elementor-element-5eb5c87 elementor-section-boxed elementor-section-height-default elementor-section-height-default\" data-id=\"5eb5c87\" data-element_type=\"section\">\n\t\t\t\t\t\t<div class=\"elementor-container elementor-column-gap-default\">\n\t\t\t\t\t<div class=\"elementor-column elementor-col-50 elementor-inner-column elementor-element elementor-element-bc26dfe\" data-id=\"bc26dfe\" data-element_type=\"column\">\n\t\t\t<div class=\"elementor-widget-wrap elementor-element-populated\">\n\t\t\t\t\t\t<div class=\"elementor-element elementor-element-720e2b8 elementor-widget elementor-widget-image\" data-id=\"720e2b8\" data-element_type=\"widget\" data-widget_type=\"image.default\">\n\t\t\t\t<div class=\"elementor-widget-container\">\n\t\t\t\t\t\t\t\t\t\t\t\t\t<img decoding=\"async\" width=\"150\" height=\"150\" src=\"https:\/\/dairysmart.unimi.it\/wp-content\/uploads\/2024\/01\/logo-INDACAT-150x150.png\" class=\"attachment-thumbnail size-thumbnail wp-image-803\" alt=\"\" srcset=\"https:\/\/dairysmart.unimi.it\/wp-content\/uploads\/2024\/01\/logo-INDACAT-150x150.png 150w, https:\/\/dairysmart.unimi.it\/wp-content\/uploads\/2024\/01\/logo-INDACAT-300x300.png 300w, https:\/\/dairysmart.unimi.it\/wp-content\/uploads\/2024\/01\/logo-INDACAT-12x12.png 12w, https:\/\/dairysmart.unimi.it\/wp-content\/uploads\/2024\/01\/elementor\/thumbs\/logo-INDACAT-qihskd48vregyr6h8zyaghkmq699wwtw0s9buq95b8.png 170w, https:\/\/dairysmart.unimi.it\/wp-content\/uploads\/2024\/01\/logo-INDACAT.png 500w\" sizes=\"(max-width: 150px) 100vw, 150px\" \/>\t\t\t\t\t\t\t\t\t\t\t\t\t<\/div>\n\t\t\t\t<\/div>\n\t\t\t\t\t<\/div>\n\t\t<\/div>\n\t\t\t\t<div class=\"elementor-column elementor-col-50 elementor-inner-column elementor-element elementor-element-a733171\" data-id=\"a733171\" data-element_type=\"column\">\n\t\t\t<div class=\"elementor-widget-wrap elementor-element-populated\">\n\t\t\t\t\t\t<div class=\"elementor-element elementor-element-b250422 elementor-widget elementor-widget-heading\" data-id=\"b250422\" data-element_type=\"widget\" data-widget_type=\"heading.default\">\n\t\t\t\t<div class=\"elementor-widget-container\">\n\t\t\t<h2 class=\"elementor-heading-title elementor-size-default\"><br>INstructions from PLF Data Analysis to improve the CATtle farming<\/h2>\t\t<\/div>\n\t\t\t\t<\/div>\n\t\t\t\t<div class=\"elementor-element elementor-element-6c8f4fa elementor-widget__width-initial elementor-widget elementor-widget-image\" data-id=\"6c8f4fa\" data-element_type=\"widget\" data-widget_type=\"image.default\">\n\t\t\t\t<div class=\"elementor-widget-container\">\n\t\t\t\t\t\t\t\t\t\t\t\t\t<img fetchpriority=\"high\" decoding=\"async\" width=\"1024\" height=\"576\" src=\"https:\/\/dairysmart.unimi.it\/wp-content\/uploads\/2024\/08\/figura-3-1024x576.jpg\" class=\"attachment-large size-large wp-image-887\" alt=\"\" srcset=\"https:\/\/dairysmart.unimi.it\/wp-content\/uploads\/2024\/08\/figura-3-1024x576.jpg 1024w, https:\/\/dairysmart.unimi.it\/wp-content\/uploads\/2024\/08\/figura-3-300x169.jpg 300w, https:\/\/dairysmart.unimi.it\/wp-content\/uploads\/2024\/08\/figura-3-768x432.jpg 768w, https:\/\/dairysmart.unimi.it\/wp-content\/uploads\/2024\/08\/figura-3-18x10.jpg 18w, https:\/\/dairysmart.unimi.it\/wp-content\/uploads\/2024\/08\/figura-3-150x84.jpg 150w, https:\/\/dairysmart.unimi.it\/wp-content\/uploads\/2024\/08\/figura-3.jpg 1280w\" sizes=\"(max-width: 1024px) 100vw, 1024px\" \/>\t\t\t\t\t\t\t\t\t\t\t\t\t<\/div>\n\t\t\t\t<\/div>\n\t\t\t\t\t<\/div>\n\t\t<\/div>\n\t\t\t\t\t<\/div>\n\t\t<\/section>\n\t\t\t\t\t<\/div>\n\t\t<\/div>\n\t\t\t\t\t<\/div>\n\t\t<\/section>\n\t\t\t\t<section class=\"elementor-section elementor-top-section elementor-element elementor-element-5102b0f elementor-section-boxed elementor-section-height-default elementor-section-height-default\" data-id=\"5102b0f\" data-element_type=\"section\">\n\t\t\t\t\t\t<div class=\"elementor-container elementor-column-gap-default\">\n\t\t\t\t\t<div class=\"elementor-column elementor-col-100 elementor-top-column elementor-element elementor-element-715f545\" data-id=\"715f545\" data-element_type=\"column\">\n\t\t\t<div class=\"elementor-widget-wrap elementor-element-populated\">\n\t\t\t\t\t\t<div class=\"elementor-element elementor-element-f39ad08 elementor-widget elementor-widget-heading\" data-id=\"f39ad08\" data-element_type=\"widget\" data-widget_type=\"heading.default\">\n\t\t\t\t<div class=\"elementor-widget-container\">\n\t\t\t<h2 class=\"elementor-heading-title elementor-size-default\">WP 2 - Modelli, simulazioni e monitoraggio integrato per ottimizzare le condizioni ambientali nelle stalle per bovini da latte.\nstalle per bovini da latte<\/h2>\t\t<\/div>\n\t\t\t\t<\/div>\n\t\t\t\t<div class=\"elementor-element elementor-element-1a47194 elementor-widget elementor-widget-text-editor\" data-id=\"1a47194\" data-element_type=\"widget\" data-widget_type=\"text-editor.default\">\n\t\t\t\t<div class=\"elementor-widget-container\">\n\t\t\t\t\t\t\t<p>I dati relativi a diversi parametri della produzione, del comportamento e dell&#8217;attivit\u00e0 delle vacche, della salute e del benessere degli animali vengono raccolti da diversi sensori (ad esempio, sistema di mungitura automatica con registrazione dei dati delle singole vacche, etichette di attivit\u00e0 come pedometri o collari da collo, marche auricolari per il monitoraggio della ruminazione, alimentatori automatici di concentrato) e utilizzati per la gestione quotidiana della mandria. Nella maggior parte dei casi, ogni serie di dati viene raccolta, elaborata e finalizzata a un unico scopo, costituendo un \u201cblocco di conoscenza\u201d isolato.<\/p><p>\u00a0<\/p><p>In questo contesto, i<strong>l monitoraggio continuo e preciso della posizione di una singola vacca e il monitoraggio spazialmente distribuito di tutti i principali parametri ambientali della stalla<\/strong> (temperatura, umidit\u00e0, velocit\u00e0 e qualit\u00e0 dell&#8217;aria) possono fornire un ulteriore \u201cblocco di conoscenza\u201d utile per la gestione quotidiana della mandria e per l&#8217;ottimizzazione a lungo termine dei processi decisionali relativi all&#8217;aggiornamento delle attrezzature e all&#8217;adeguamento della stalla.<br \/><strong>Questo WP si propone di fornire criteri di progettazione e gestione per ottimizzare le condizioni ambientali nelle stalle per bovini da latte, attraverso l&#8217;integrazione di sistemi di monitoraggio eterogenei, lo sviluppo di sistemi integrati per il monitoraggio delle condizioni ambientali, della posizione e del comportamento degli animali, lo sviluppo di protocolli per il monitoraggio delle condizioni ambientali.<\/strong><br \/><br \/><\/p>\t\t\t\t\t\t<\/div>\n\t\t\t\t<\/div>\n\t\t\t\t\t<\/div>\n\t\t<\/div>\n\t\t\t\t\t<\/div>\n\t\t<\/section>\n\t\t\t\t<section class=\"elementor-section elementor-top-section elementor-element elementor-element-9920ace elementor-section-boxed elementor-section-height-default elementor-section-height-default\" data-id=\"9920ace\" data-element_type=\"section\">\n\t\t\t\t\t\t<div class=\"elementor-container elementor-column-gap-default\">\n\t\t\t\t\t<div class=\"elementor-column elementor-col-100 elementor-top-column elementor-element elementor-element-f509a97\" data-id=\"f509a97\" data-element_type=\"column\">\n\t\t\t<div class=\"elementor-widget-wrap elementor-element-populated\">\n\t\t\t\t\t\t<div class=\"elementor-element elementor-element-4ac66c2 elementor-widget elementor-widget-heading\" data-id=\"4ac66c2\" data-element_type=\"widget\" data-widget_type=\"heading.default\">\n\t\t\t\t<div class=\"elementor-widget-container\">\n\t\t\t<h2 class=\"elementor-heading-title elementor-size-default\">WP 3 - Sistema automatico per il monitoraggio delle vacche da latte al pascolo o nella linea vacca-vitello<\/h2>\t\t<\/div>\n\t\t\t\t<\/div>\n\t\t\t\t\t<\/div>\n\t\t<\/div>\n\t\t\t\t\t<\/div>\n\t\t<\/section>\n\t\t\t\t<section class=\"elementor-section elementor-top-section elementor-element elementor-element-8338576 elementor-section-boxed elementor-section-height-default elementor-section-height-default\" data-id=\"8338576\" data-element_type=\"section\">\n\t\t\t\t\t\t<div class=\"elementor-container elementor-column-gap-default\">\n\t\t\t\t\t<div class=\"elementor-column elementor-col-100 elementor-top-column elementor-element elementor-element-f4a2941\" data-id=\"f4a2941\" data-element_type=\"column\">\n\t\t\t<div class=\"elementor-widget-wrap elementor-element-populated\">\n\t\t\t\t\t\t<section class=\"elementor-section elementor-inner-section elementor-element elementor-element-81b75bd elementor-section-full_width elementor-section-height-default elementor-section-height-default\" data-id=\"81b75bd\" data-element_type=\"section\">\n\t\t\t\t\t\t<div class=\"elementor-container elementor-column-gap-default\">\n\t\t\t\t\t<div class=\"elementor-column elementor-col-50 elementor-inner-column elementor-element elementor-element-74b53cd\" data-id=\"74b53cd\" data-element_type=\"column\">\n\t\t\t<div class=\"elementor-widget-wrap elementor-element-populated\">\n\t\t\t\t\t\t<div class=\"elementor-element elementor-element-fa92c7e elementor-widget elementor-widget-text-editor\" data-id=\"fa92c7e\" data-element_type=\"widget\" data-widget_type=\"text-editor.default\">\n\t\t\t\t<div class=\"elementor-widget-container\">\n\t\t\t\t\t\t\t<p>L&#8217;obiettivo del WP3 \u00e8 quello di <strong>sviluppare un sistema automatico di monitoraggio delle vacche da latte al pascolo o delle vacche nella linea vacca-vitello, che sia economicamente sostenibile per gli agricoltori e accettabile dalle comunit\u00e0 locali.<\/strong> <br \/>Il monitoraggio riguarder\u00e0 la <strong>localizzazione in tempo reale delle vacche al pascolo e il riconoscimento della loro attivit\u00e0 comportamentale.<\/strong> Per raggiungere questo obiettivo, sar\u00e0 necessario sviluppare un prototipo di sistema IoT basato sull&#8217;uso di tecnologie di comunicazione LPWAN (low-power wide-area network) e di sistemi informativi geografici (GIS). Dall&#8217;analisi della letteratura emerge che gli studi sull&#8217;attivit\u00e0 di pascolo, realizzati con sistemi di monitoraggio spesso non personalizzati per l&#8217;allevamento, sono finalizzati soprattutto a valutare l&#8217;attivit\u00e0 di alimentazione degli animali per correlarla alla qualit\u00e0 e alla quantit\u00e0 dei prodotti zootecnici (latte e carne). Altri studi hanno mostrato come lo sviluppo di sistemi di monitoraggio automatico pi\u00f9 adatti all&#8217;allevamento debba colmare alcune lacune tecnologiche e inoltre mancano di integrazione GIS per valutare il potenziale impatto ambientale dell&#8217;allevamento estensivo. L&#8217;utilizzo del prototipo sviluppato in INDACAT combinato con l&#8217;applicazione di metodologie GIS permetter\u00e0 di valutare l&#8217;impatto del pascolo sul degrado del suolo.<\/p>\t\t\t\t\t\t<\/div>\n\t\t\t\t<\/div>\n\t\t\t\t\t<\/div>\n\t\t<\/div>\n\t\t\t\t<div class=\"elementor-column elementor-col-50 elementor-inner-column elementor-element elementor-element-fdec45b\" data-id=\"fdec45b\" data-element_type=\"column\">\n\t\t\t<div class=\"elementor-widget-wrap\">\n\t\t\t\t\t\t\t<\/div>\n\t\t<\/div>\n\t\t\t\t\t<\/div>\n\t\t<\/section>\n\t\t\t\t\t<\/div>\n\t\t<\/div>\n\t\t\t\t\t<\/div>\n\t\t<\/section>\n\t\t\t\t<section class=\"elementor-section elementor-top-section elementor-element elementor-element-ce18649 elementor-section-boxed elementor-section-height-default elementor-section-height-default\" data-id=\"ce18649\" data-element_type=\"section\">\n\t\t\t\t\t\t<div class=\"elementor-container elementor-column-gap-default\">\n\t\t\t\t\t<div class=\"elementor-column elementor-col-100 elementor-top-column elementor-element elementor-element-fa66f40\" data-id=\"fa66f40\" data-element_type=\"column\">\n\t\t\t<div class=\"elementor-widget-wrap elementor-element-populated\">\n\t\t\t\t\t\t<div class=\"elementor-element elementor-element-41035c0 elementor-widget elementor-widget-heading\" data-id=\"41035c0\" data-element_type=\"widget\" data-widget_type=\"heading.default\">\n\t\t\t\t<div class=\"elementor-widget-container\">\n\t\t\t<h2 class=\"elementor-heading-title elementor-size-default\">WP 4 -Sviluppo e test di nuovi strumenti automatizzati per monitorare le interazioni sociali tra le bovine da latte<\/h2>\t\t<\/div>\n\t\t\t\t<\/div>\n\t\t\t\t\t<\/div>\n\t\t<\/div>\n\t\t\t\t\t<\/div>\n\t\t<\/section>\n\t\t\t\t<section class=\"elementor-section elementor-top-section elementor-element elementor-element-f4ca881 elementor-section-boxed elementor-section-height-default elementor-section-height-default\" data-id=\"f4ca881\" data-element_type=\"section\">\n\t\t\t\t\t\t<div class=\"elementor-container elementor-column-gap-default\">\n\t\t\t\t\t<div class=\"elementor-column elementor-col-100 elementor-top-column elementor-element elementor-element-0c540f7\" data-id=\"0c540f7\" data-element_type=\"column\">\n\t\t\t<div class=\"elementor-widget-wrap elementor-element-populated\">\n\t\t\t\t\t\t<div class=\"elementor-element elementor-element-6f9746e elementor-widget elementor-widget-text-editor\" data-id=\"6f9746e\" data-element_type=\"widget\" data-widget_type=\"text-editor.default\">\n\t\t\t\t<div class=\"elementor-widget-container\">\n\t\t\t\t\t\t\t<p>L&#8217;obiettivo principale del WP4 \u00e8 <strong>sviluppare e testare nuovi strumenti automatizzati per monitorare le interazioni sociali tra i bovini da latte ed esplorare i possibili usi dei dati raccolti lungo la catena produttiva.<\/strong><br \/><br \/><\/p><p>\u00a0<\/p>\t\t\t\t\t\t<\/div>\n\t\t\t\t<\/div>\n\t\t\t\t\t<\/div>\n\t\t<\/div>\n\t\t\t\t\t<\/div>\n\t\t<\/section>\n\t\t\t\t<section class=\"elementor-section elementor-top-section elementor-element elementor-element-ea1442d elementor-section-boxed elementor-section-height-default elementor-section-height-default\" data-id=\"ea1442d\" data-element_type=\"section\">\n\t\t\t\t\t\t<div class=\"elementor-container elementor-column-gap-default\">\n\t\t\t\t\t<div class=\"elementor-column elementor-col-100 elementor-top-column elementor-element elementor-element-ae6f3d6\" data-id=\"ae6f3d6\" data-element_type=\"column\">\n\t\t\t<div class=\"elementor-widget-wrap elementor-element-populated\">\n\t\t\t\t\t\t<div class=\"elementor-element elementor-element-f142a5a elementor-widget elementor-widget-heading\" data-id=\"f142a5a\" data-element_type=\"widget\" data-widget_type=\"heading.default\">\n\t\t\t\t<div class=\"elementor-widget-container\">\n\t\t\t<h2 class=\"elementor-heading-title elementor-size-default\">WP 5 - Utilizzo di strumenti PLF per l'allevamento di vitelle e manze<\/h2>\t\t<\/div>\n\t\t\t\t<\/div>\n\t\t\t\t\t<\/div>\n\t\t<\/div>\n\t\t\t\t\t<\/div>\n\t\t<\/section>\n\t\t\t\t<section class=\"elementor-section elementor-top-section elementor-element elementor-element-e42e293 elementor-section-boxed elementor-section-height-default elementor-section-height-default\" data-id=\"e42e293\" data-element_type=\"section\">\n\t\t\t\t\t\t<div class=\"elementor-container elementor-column-gap-default\">\n\t\t\t\t\t<div class=\"elementor-column elementor-col-100 elementor-top-column elementor-element elementor-element-1db27e1\" data-id=\"1db27e1\" data-element_type=\"column\">\n\t\t\t<div class=\"elementor-widget-wrap elementor-element-populated\">\n\t\t\t\t\t\t<div class=\"elementor-element elementor-element-6797a63 elementor-widget elementor-widget-text-editor\" data-id=\"6797a63\" data-element_type=\"widget\" data-widget_type=\"text-editor.default\">\n\t\t\t\t<div class=\"elementor-widget-container\">\n\t\t\t\t\t\t\t<p>L&#8217;obiettivo del WP5 \u00e8 <strong>valutare l&#8217;effetto di diverse tecniche per monitorare e migliorare la crescita dei vitelli femmina dalla nascita, allo svezzamento e all&#8217;et\u00e0 della manza,<\/strong> valutando la sostenibilit\u00e0 degli approcci studiati rispetto alle implicazioni ambientali, economiche e sociali sulle aziende agricole e al loro potenziale di investimento e innovazione. <strong>Il benessere del vitello e lo svezzamento sono aspetti delicati<\/strong> della sua vita e influenzano la vacca nel lungo periodo, influenzando la sua resistenza a malattie e stress e le sue prestazioni.\u00a0<\/p>\t\t\t\t\t\t<\/div>\n\t\t\t\t<\/div>\n\t\t\t\t\t<\/div>\n\t\t<\/div>\n\t\t\t\t\t<\/div>\n\t\t<\/section>\n\t\t\t\t<section class=\"elementor-section elementor-top-section elementor-element elementor-element-a7249cc elementor-section-boxed elementor-section-height-default elementor-section-height-default\" data-id=\"a7249cc\" data-element_type=\"section\">\n\t\t\t\t\t\t<div class=\"elementor-container elementor-column-gap-default\">\n\t\t\t\t\t<div class=\"elementor-column elementor-col-100 elementor-top-column elementor-element elementor-element-8a4b243\" data-id=\"8a4b243\" data-element_type=\"column\">\n\t\t\t<div class=\"elementor-widget-wrap elementor-element-populated\">\n\t\t\t\t\t\t<section class=\"elementor-section elementor-inner-section elementor-element elementor-element-4158a89 elementor-section-boxed elementor-section-height-default elementor-section-height-default\" data-id=\"4158a89\" data-element_type=\"section\">\n\t\t\t\t\t\t<div class=\"elementor-container elementor-column-gap-default\">\n\t\t\t\t\t<div class=\"elementor-column elementor-col-100 elementor-inner-column elementor-element elementor-element-9ce7de9\" data-id=\"9ce7de9\" data-element_type=\"column\">\n\t\t\t<div class=\"elementor-widget-wrap elementor-element-populated\">\n\t\t\t\t\t\t<div class=\"elementor-element elementor-element-35723a1 elementor-widget elementor-widget-text-editor\" data-id=\"35723a1\" data-element_type=\"widget\" data-widget_type=\"text-editor.default\">\n\t\t\t\t<div class=\"elementor-widget-container\">\n\t\t\t\t\t\t\t<p>Il progetto \u00e8 finanziato nell\u2019ambito dei Progetti di Ricerca di rilevante Interesse Nazionale \u2013 2022 &#8211; finanziato dall&#8217;Unione Europea Next Generation EU<\/p>\t\t\t\t\t\t<\/div>\n\t\t\t\t<\/div>\n\t\t\t\t\t<\/div>\n\t\t<\/div>\n\t\t\t\t\t<\/div>\n\t\t<\/section>\n\t\t\t\t\t<\/div>\n\t\t<\/div>\n\t\t\t\t\t<\/div>\n\t\t<\/section>\n\t\t\t\t<section class=\"elementor-section elementor-top-section elementor-element elementor-element-fb035ed elementor-section-boxed elementor-section-height-default elementor-section-height-default\" data-id=\"fb035ed\" data-element_type=\"section\">\n\t\t\t\t\t\t<div class=\"elementor-container elementor-column-gap-default\">\n\t\t\t\t\t<div class=\"elementor-column elementor-col-100 elementor-top-column elementor-element elementor-element-be04c42\" data-id=\"be04c42\" data-element_type=\"column\">\n\t\t\t<div class=\"elementor-widget-wrap elementor-element-populated\">\n\t\t\t\t\t\t<section class=\"elementor-section elementor-inner-section elementor-element elementor-element-c811c9b elementor-section-boxed elementor-section-height-default elementor-section-height-default\" data-id=\"c811c9b\" data-element_type=\"section\">\n\t\t\t\t\t\t<div class=\"elementor-container elementor-column-gap-default\">\n\t\t\t\t\t<div class=\"elementor-column elementor-col-25 elementor-inner-column elementor-element elementor-element-9ad3001\" data-id=\"9ad3001\" data-element_type=\"column\">\n\t\t\t<div class=\"elementor-widget-wrap elementor-element-populated\">\n\t\t\t\t\t\t<div class=\"elementor-element elementor-element-cda5169 elementor-widget elementor-widget-image\" data-id=\"cda5169\" data-element_type=\"widget\" data-widget_type=\"image.default\">\n\t\t\t\t<div class=\"elementor-widget-container\">\n\t\t\t\t\t\t\t\t\t\t\t\t\t\t<a href=\"http:\/\/www.unimi.it\">\n\t\t\t\t\t\t\t<img decoding=\"async\" width=\"282\" height=\"92\" src=\"https:\/\/dairysmart.unimi.it\/wp-content\/uploads\/2019\/09\/home-logo-unimi.png\" class=\"attachment-large size-large wp-image-66\" alt=\"\" srcset=\"https:\/\/dairysmart.unimi.it\/wp-content\/uploads\/2019\/09\/home-logo-unimi.png 282w, https:\/\/dairysmart.unimi.it\/wp-content\/uploads\/2019\/09\/home-logo-unimi-150x49.png 150w\" sizes=\"(max-width: 282px) 100vw, 282px\" \/>\t\t\t\t\t\t\t\t<\/a>\n\t\t\t\t\t\t\t\t\t\t\t\t\t<\/div>\n\t\t\t\t<\/div>\n\t\t\t\t\t<\/div>\n\t\t<\/div>\n\t\t\t\t<div class=\"elementor-column elementor-col-25 elementor-inner-column elementor-element elementor-element-ab33593\" data-id=\"ab33593\" data-element_type=\"column\">\n\t\t\t<div class=\"elementor-widget-wrap elementor-element-populated\">\n\t\t\t\t\t\t<div class=\"elementor-element elementor-element-ecb4ed5 elementor-widget elementor-widget-image\" data-id=\"ecb4ed5\" data-element_type=\"widget\" data-widget_type=\"image.default\">\n\t\t\t\t<div class=\"elementor-widget-container\">\n\t\t\t\t\t\t\t\t\t\t\t\t\t\t<a href=\"http:\/\/www.unifi.it\">\n\t\t\t\t\t\t\t<img loading=\"lazy\" decoding=\"async\" width=\"220\" height=\"92\" src=\"https:\/\/dairysmart.unimi.it\/wp-content\/uploads\/2019\/09\/home-logo-unifi.png\" class=\"attachment-large size-large wp-image-65\" alt=\"\" srcset=\"https:\/\/dairysmart.unimi.it\/wp-content\/uploads\/2019\/09\/home-logo-unifi.png 220w, https:\/\/dairysmart.unimi.it\/wp-content\/uploads\/2019\/09\/home-logo-unifi-150x63.png 150w\" sizes=\"(max-width: 220px) 100vw, 220px\" \/>\t\t\t\t\t\t\t\t<\/a>\n\t\t\t\t\t\t\t\t\t\t\t\t\t<\/div>\n\t\t\t\t<\/div>\n\t\t\t\t\t<\/div>\n\t\t<\/div>\n\t\t\t\t<div class=\"elementor-column elementor-col-25 elementor-inner-column elementor-element elementor-element-163a11f\" data-id=\"163a11f\" data-element_type=\"column\">\n\t\t\t<div class=\"elementor-widget-wrap elementor-element-populated\">\n\t\t\t\t\t\t<div class=\"elementor-element elementor-element-d11b4e0 elementor-widget elementor-widget-image\" data-id=\"d11b4e0\" data-element_type=\"widget\" data-widget_type=\"image.default\">\n\t\t\t\t<div class=\"elementor-widget-container\">\n\t\t\t\t\t\t\t\t\t\t\t\t\t\t<a href=\"http:\/\/www.unibo.it\">\n\t\t\t\t\t\t\t<img loading=\"lazy\" decoding=\"async\" width=\"150\" height=\"93\" src=\"https:\/\/dairysmart.unimi.it\/wp-content\/uploads\/2019\/09\/home-logo-unibo-150x93.png\" class=\"attachment-post-thumbnail size-post-thumbnail wp-image-63\" alt=\"\" srcset=\"https:\/\/dairysmart.unimi.it\/wp-content\/uploads\/2019\/09\/home-logo-unibo-150x93.png 150w, https:\/\/dairysmart.unimi.it\/wp-content\/uploads\/2019\/09\/home-logo-unibo.png 217w\" sizes=\"(max-width: 150px) 100vw, 150px\" \/>\t\t\t\t\t\t\t\t<\/a>\n\t\t\t\t\t\t\t\t\t\t\t\t\t<\/div>\n\t\t\t\t<\/div>\n\t\t\t\t\t<\/div>\n\t\t<\/div>\n\t\t\t\t<div class=\"elementor-column elementor-col-25 elementor-inner-column elementor-element elementor-element-c865deb\" data-id=\"c865deb\" data-element_type=\"column\">\n\t\t\t<div class=\"elementor-widget-wrap elementor-element-populated\">\n\t\t\t\t\t\t<div class=\"elementor-element elementor-element-eedbec8 elementor-widget elementor-widget-image\" data-id=\"eedbec8\" data-element_type=\"widget\" data-widget_type=\"image.default\">\n\t\t\t\t<div class=\"elementor-widget-container\">\n\t\t\t\t\t\t\t\t\t\t\t\t\t\t<a href=\"http:\/\/www.unict.it\">\n\t\t\t\t\t\t\t<img loading=\"lazy\" decoding=\"async\" width=\"220\" height=\"92\" src=\"https:\/\/dairysmart.unimi.it\/wp-content\/uploads\/2019\/09\/home-logo-unict.png\" class=\"attachment-large size-large wp-image-64\" alt=\"\" srcset=\"https:\/\/dairysmart.unimi.it\/wp-content\/uploads\/2019\/09\/home-logo-unict.png 220w, https:\/\/dairysmart.unimi.it\/wp-content\/uploads\/2019\/09\/home-logo-unict-150x63.png 150w\" sizes=\"(max-width: 220px) 100vw, 220px\" \/>\t\t\t\t\t\t\t\t<\/a>\n\t\t\t\t\t\t\t\t\t\t\t\t\t<\/div>\n\t\t\t\t<\/div>\n\t\t\t\t\t<\/div>\n\t\t<\/div>\n\t\t\t\t\t<\/div>\n\t\t<\/section>\n\t\t\t\t\t<\/div>\n\t\t<\/div>\n\t\t\t\t\t<\/div>\n\t\t<\/section>\n\t\t\t\t<\/div>","protected":false},"excerpt":{"rendered":"<p>INstructions from PLF Data Analysis to improve the CATtle farming WP 2 &#8211; Modelli, simulazioni e monitoraggio integrato per ottimizzare le condizioni ambientali nelle stalle per bovini da latte. stalle per bovini da latte I dati relativi a diversi parametri della produzione, del comportamento e dell&#8217;attivit\u00e0 delle vacche, della salute e del benessere degli animali&#8230;<\/p>","protected":false},"author":1,"featured_media":0,"parent":0,"menu_order":0,"comment_status":"closed","ping_status":"closed","template":"","meta":{"footnotes":""},"class_list":["post-237","page","type-page","status-publish","hentry"],"_links":{"self":[{"href":"https:\/\/dairysmart.unimi.it\/en\/wp-json\/wp\/v2\/pages\/237","targetHints":{"allow":["GET"]}}],"collection":[{"href":"https:\/\/dairysmart.unimi.it\/en\/wp-json\/wp\/v2\/pages"}],"about":[{"href":"https:\/\/dairysmart.unimi.it\/en\/wp-json\/wp\/v2\/types\/page"}],"author":[{"embeddable":true,"href":"https:\/\/dairysmart.unimi.it\/en\/wp-json\/wp\/v2\/users\/1"}],"replies":[{"embeddable":true,"href":"https:\/\/dairysmart.unimi.it\/en\/wp-json\/wp\/v2\/comments?post=237"}],"version-history":[{"count":30,"href":"https:\/\/dairysmart.unimi.it\/en\/wp-json\/wp\/v2\/pages\/237\/revisions"}],"predecessor-version":[{"id":943,"href":"https:\/\/dairysmart.unimi.it\/en\/wp-json\/wp\/v2\/pages\/237\/revisions\/943"}],"wp:attachment":[{"href":"https:\/\/dairysmart.unimi.it\/en\/wp-json\/wp\/v2\/media?parent=237"}],"curies":[{"name":"wp","href":"https:\/\/api.w.org\/{rel}","templated":true}]}}