{"id":225,"date":"2019-12-29T21:52:11","date_gmt":"2019-12-29T20:52:11","guid":{"rendered":"https:\/\/dairysmart.unimi.it\/?page_id=225"},"modified":"2024-01-23T15:48:05","modified_gmt":"2024-01-23T14:48:05","slug":"task-1","status":"publish","type":"page","link":"https:\/\/dairysmart.unimi.it\/en\/task-1\/","title":{"rendered":"Smart Dairy Farming (2017)"},"content":{"rendered":"<div data-elementor-type=\"wp-post\" data-elementor-id=\"225\" class=\"elementor elementor-225\">\n\t\t\t\t\t\t<section class=\"elementor-section elementor-top-section elementor-element elementor-element-0cbffdf elementor-section-boxed elementor-section-height-default elementor-section-height-default\" data-id=\"0cbffdf\" data-element_type=\"section\">\n\t\t\t\t\t\t<div class=\"elementor-container elementor-column-gap-default\">\n\t\t\t\t\t<div class=\"elementor-column elementor-col-100 elementor-top-column elementor-element elementor-element-4d2d9d3\" data-id=\"4d2d9d3\" data-element_type=\"column\">\n\t\t\t<div class=\"elementor-widget-wrap elementor-element-populated\">\n\t\t\t\t\t\t<section class=\"elementor-section elementor-inner-section elementor-element elementor-element-5eb5c87 elementor-section-boxed elementor-section-height-default elementor-section-height-default\" data-id=\"5eb5c87\" data-element_type=\"section\">\n\t\t\t\t\t\t<div class=\"elementor-container elementor-column-gap-default\">\n\t\t\t\t\t<div class=\"elementor-column elementor-col-50 elementor-inner-column elementor-element elementor-element-bc26dfe\" data-id=\"bc26dfe\" data-element_type=\"column\">\n\t\t\t<div class=\"elementor-widget-wrap elementor-element-populated\">\n\t\t\t\t\t\t<div class=\"elementor-element elementor-element-720e2b8 elementor-widget elementor-widget-image\" data-id=\"720e2b8\" data-element_type=\"widget\" data-widget_type=\"image.default\">\n\t\t\t\t<div class=\"elementor-widget-container\">\n\t\t\t\t\t\t\t\t\t\t\t\t\t<img decoding=\"async\" width=\"150\" height=\"150\" src=\"https:\/\/dairysmart.unimi.it\/wp-content\/uploads\/2019\/09\/home-logo-150x150.png\" class=\"attachment-thumbnail size-thumbnail wp-image-68\" alt=\"\" srcset=\"https:\/\/dairysmart.unimi.it\/wp-content\/uploads\/2019\/09\/home-logo-150x150.png 150w, https:\/\/dairysmart.unimi.it\/wp-content\/uploads\/2019\/09\/home-logo-300x300.png 300w, https:\/\/dairysmart.unimi.it\/wp-content\/uploads\/2019\/09\/home-logo.png 343w\" sizes=\"(max-width: 150px) 100vw, 150px\" \/>\t\t\t\t\t\t\t\t\t\t\t\t\t<\/div>\n\t\t\t\t<\/div>\n\t\t\t\t\t<\/div>\n\t\t<\/div>\n\t\t\t\t<div class=\"elementor-column elementor-col-50 elementor-inner-column elementor-element elementor-element-a733171\" data-id=\"a733171\" data-element_type=\"column\">\n\t\t\t<div class=\"elementor-widget-wrap elementor-element-populated\">\n\t\t\t\t\t\t<div class=\"elementor-element elementor-element-b250422 elementor-widget elementor-widget-heading\" data-id=\"b250422\" data-element_type=\"widget\" data-widget_type=\"heading.default\">\n\t\t\t\t<div class=\"elementor-widget-container\">\n\t\t\t<h2 class=\"elementor-heading-title elementor-size-default\"><br>Smart dairy farming: innovative solutions to improve herd productivity<\/h2>\t\t<\/div>\n\t\t\t\t<\/div>\n\t\t\t\t\t<\/div>\n\t\t<\/div>\n\t\t\t\t\t<\/div>\n\t\t<\/section>\n\t\t\t\t\t<\/div>\n\t\t<\/div>\n\t\t\t\t\t<\/div>\n\t\t<\/section>\n\t\t\t\t<section class=\"elementor-section elementor-top-section elementor-element elementor-element-d6a844e elementor-section-boxed elementor-section-height-default elementor-section-height-default\" data-id=\"d6a844e\" data-element_type=\"section\">\n\t\t\t\t\t\t<div class=\"elementor-container elementor-column-gap-default\">\n\t\t\t\t\t<div class=\"elementor-column elementor-col-33 elementor-top-column elementor-element elementor-element-95ff125\" data-id=\"95ff125\" data-element_type=\"column\">\n\t\t\t<div class=\"elementor-widget-wrap elementor-element-populated\">\n\t\t\t\t\t\t<div class=\"elementor-element elementor-element-c557af2 elementor-widget elementor-widget-text-editor\" data-id=\"c557af2\" data-element_type=\"widget\" data-widget_type=\"text-editor.default\">\n\t\t\t\t<div class=\"elementor-widget-container\">\n\t\t\t\t\t\t\t<div class=\"elementor-element elementor-element-a8d4990 elementor-widget elementor-widget-text-editor\" style=\"color: #4054b2; font-family: var( --e-global-typography-text-font-family ), Sans-serif; font-weight: 400; width: 302px;\" data-id=\"a8d4990\" data-element_type=\"widget\" data-widget_type=\"text-editor.default\"><div class=\"elementor-widget-container\"><div class=\"elementor-text-editor elementor-clearfix\"><p><u><b>Task 1<\/b><\/u>\u00a0-&gt; valutazione e<br \/>monitoraggio delle stalle<br \/>e degli animali per ridurre <br \/>lo stress da caldo che <br \/>provoca comportamenti insoliti,<br \/>un calo della fertilit\u00e0<br \/>e un peggioramento della qualit\u00e0<br \/>e della quantit\u00e0 di latte prodotto<\/p><p>\u00a0<\/p><p>\u00a0<\/p><\/div><\/div><\/div><div class=\"elementor-element elementor-element-8168f42 elementor-widget elementor-widget-text-editor\" style=\"font-family: var( --e-global-typography-text-font-family ), Sans-serif; font-weight: 400; width: 302px;\" data-id=\"8168f42\" data-element_type=\"widget\" data-widget_type=\"text-editor.default\"><div class=\"elementor-widget-container\"><div class=\"elementor-text-editor elementor-clearfix\"><p><span style=\"text-decoration-line: underline;\"><strong>Task 2<\/strong><\/span>\u00a0-&gt;valutazione e<br \/>monitoraggio del comportamento<br \/>degli animali con e senza pascolo, <br \/>poich\u00e9 la carenza di aree da <br \/>dedicare al pascolamento \u00e8 <br \/>una delle maggiori preoccupazioni <br \/>dei consumatori rispetto <br \/>all\u2019allevamento intensivo<\/p><p>\u00a0<\/p><p>\u00a0<\/p><\/div><\/div><\/div>\t\t\t\t\t\t<\/div>\n\t\t\t\t<\/div>\n\t\t\t\t\t<\/div>\n\t\t<\/div>\n\t\t\t\t<div class=\"elementor-column elementor-col-33 elementor-top-column elementor-element elementor-element-9d7a3db\" data-id=\"9d7a3db\" data-element_type=\"column\">\n\t\t\t<div class=\"elementor-widget-wrap elementor-element-populated\">\n\t\t\t\t\t\t<div class=\"elementor-element elementor-element-7115a5c elementor-widget elementor-widget-image\" data-id=\"7115a5c\" data-element_type=\"widget\" data-widget_type=\"image.default\">\n\t\t\t\t<div class=\"elementor-widget-container\">\n\t\t\t\t\t\t\t\t\t\t\t\t\t<img fetchpriority=\"high\" decoding=\"async\" width=\"612\" height=\"487\" src=\"https:\/\/dairysmart.unimi.it\/wp-content\/uploads\/2019\/09\/prin-UO.jpg\" class=\"attachment-1536x1536 size-1536x1536 wp-image-61\" alt=\"\" srcset=\"https:\/\/dairysmart.unimi.it\/wp-content\/uploads\/2019\/09\/prin-UO.jpg 612w, https:\/\/dairysmart.unimi.it\/wp-content\/uploads\/2019\/09\/prin-UO-300x239.jpg 300w, https:\/\/dairysmart.unimi.it\/wp-content\/uploads\/2019\/09\/prin-UO-150x119.jpg 150w\" sizes=\"(max-width: 612px) 100vw, 612px\" \/>\t\t\t\t\t\t\t\t\t\t\t\t\t<\/div>\n\t\t\t\t<\/div>\n\t\t\t\t\t<\/div>\n\t\t<\/div>\n\t\t\t\t<div class=\"elementor-column elementor-col-33 elementor-top-column elementor-element elementor-element-78e146e\" data-id=\"78e146e\" data-element_type=\"column\">\n\t\t\t<div class=\"elementor-widget-wrap elementor-element-populated\">\n\t\t\t\t\t\t<div class=\"elementor-element elementor-element-2ac5d73 elementor-widget elementor-widget-text-editor\" data-id=\"2ac5d73\" data-element_type=\"widget\" data-widget_type=\"text-editor.default\">\n\t\t\t\t<div class=\"elementor-widget-container\">\n\t\t\t\t\t\t\t<div class=\"elementor-element elementor-element-03ba720 elementor-widget elementor-widget-text-editor\" data-id=\"03ba720\" data-element_type=\"widget\" data-widget_type=\"text-editor.default\"><div class=\"elementor-widget-container\"><div class=\"elementor-text-editor elementor-clearfix\"><p><u><b>Task 3<\/b><\/u>\u00a0-&gt; big data monitoring and processing to provide large-scale modeling of animal behavior, production and environmental conditions<\/p><p>\u00a0<\/p><p>\u00a0<\/p><p>\u00a0<\/p><\/div><\/div><\/div><div class=\"elementor-element elementor-element-a4a51d4 elementor-widget elementor-widget-text-editor\" data-id=\"a4a51d4\" data-element_type=\"widget\" data-widget_type=\"text-editor.default\"><div class=\"elementor-widget-container\"><div class=\"elementor-text-editor elementor-clearfix\"><p><u><b>Task 4\u00a0<\/b><\/u>-&gt; animal monitoring and installation of tools to better identify the fertile period of dairy cows in order to minimize the costs associated with the reproduction phase<\/p><\/div><\/div><\/div>\t\t\t\t\t\t<\/div>\n\t\t\t\t<\/div>\n\t\t\t\t\t<\/div>\n\t\t<\/div>\n\t\t\t\t\t<\/div>\n\t\t<\/section>\n\t\t\t\t<section class=\"elementor-section elementor-top-section elementor-element elementor-element-60aa279 elementor-section-boxed elementor-section-height-default elementor-section-height-default\" data-id=\"60aa279\" data-element_type=\"section\">\n\t\t\t\t\t\t<div class=\"elementor-container elementor-column-gap-default\">\n\t\t\t\t\t<div class=\"elementor-column elementor-col-33 elementor-top-column elementor-element elementor-element-4962da7\" data-id=\"4962da7\" data-element_type=\"column\">\n\t\t\t<div class=\"elementor-widget-wrap\">\n\t\t\t\t\t\t\t<\/div>\n\t\t<\/div>\n\t\t\t\t<div class=\"elementor-column elementor-col-33 elementor-top-column elementor-element elementor-element-a4f1d71\" data-id=\"a4f1d71\" data-element_type=\"column\">\n\t\t\t<div class=\"elementor-widget-wrap elementor-element-populated\">\n\t\t\t\t\t\t<div class=\"elementor-element elementor-element-0913d00 elementor-widget elementor-widget-text-editor\" data-id=\"0913d00\" data-element_type=\"widget\" data-widget_type=\"text-editor.default\">\n\t\t\t\t<div class=\"elementor-widget-container\">\n\t\t\t\t\t\t\t<div class=\"elementor-element elementor-element-d793444 elementor-widget elementor-widget-text-editor\" data-id=\"d793444\" data-element_type=\"widget\" data-widget_type=\"text-editor.default\"><div class=\"elementor-widget-container\"><div class=\"elementor-text-editor elementor-clearfix\"><p><u><b>Task 5 -&gt;<\/b><\/u>\u00a0application of advanced statistics and machine learning to develop models for real-time support<\/p><\/div><\/div><\/div><div class=\"elementor-element elementor-element-a171e57 elementor-widget elementor-widget-text-editor\" data-id=\"a171e57\" data-element_type=\"widget\" data-widget_type=\"text-editor.default\"><div class=\"elementor-widget-container\"><div class=\"elementor-text-editor elementor-clearfix\"><p><u><b>Task 6\u00a0<\/b><\/u>-&gt; quantificazione e confronto dell\u2019impatto economico e ambientale di ogni strategia implementata attraverso l\u2019analisi del ciclo di vita (Life Cycle Assessment e Life Cycle Costing)<\/p><\/div><\/div><\/div>\t\t\t\t\t\t<\/div>\n\t\t\t\t<\/div>\n\t\t\t\t\t<\/div>\n\t\t<\/div>\n\t\t\t\t<div class=\"elementor-column elementor-col-33 elementor-top-column elementor-element elementor-element-a839628\" data-id=\"a839628\" data-element_type=\"column\">\n\t\t\t<div class=\"elementor-widget-wrap\">\n\t\t\t\t\t\t\t<\/div>\n\t\t<\/div>\n\t\t\t\t\t<\/div>\n\t\t<\/section>\n\t\t\t\t<section class=\"elementor-section elementor-top-section elementor-element elementor-element-a7249cc elementor-section-boxed elementor-section-height-default elementor-section-height-default\" data-id=\"a7249cc\" data-element_type=\"section\">\n\t\t\t\t\t\t<div class=\"elementor-container elementor-column-gap-default\">\n\t\t\t\t\t<div class=\"elementor-column elementor-col-100 elementor-top-column elementor-element elementor-element-8a4b243\" data-id=\"8a4b243\" data-element_type=\"column\">\n\t\t\t<div class=\"elementor-widget-wrap elementor-element-populated\">\n\t\t\t\t\t\t<div class=\"elementor-element elementor-element-84b45b9 elementor-widget elementor-widget-text-editor\" data-id=\"84b45b9\" data-element_type=\"widget\" data-widget_type=\"text-editor.default\">\n\t\t\t\t<div class=\"elementor-widget-container\">\n\t\t\t\t\t\t\t<p>Contact <a href=\"mailto:marcella.guarino@unimi.it\">marcella.guarino@unimi.it<\/a><\/p>\t\t\t\t\t\t<\/div>\n\t\t\t\t<\/div>\n\t\t\t\t<section class=\"elementor-section elementor-inner-section elementor-element elementor-element-4158a89 elementor-section-boxed elementor-section-height-default elementor-section-height-default\" data-id=\"4158a89\" data-element_type=\"section\">\n\t\t\t\t\t\t<div class=\"elementor-container elementor-column-gap-default\">\n\t\t\t\t\t<div class=\"elementor-column elementor-col-100 elementor-inner-column elementor-element elementor-element-9ce7de9\" data-id=\"9ce7de9\" data-element_type=\"column\">\n\t\t\t<div class=\"elementor-widget-wrap elementor-element-populated\">\n\t\t\t\t\t\t<div class=\"elementor-element elementor-element-35723a1 elementor-widget elementor-widget-text-editor\" data-id=\"35723a1\" data-element_type=\"widget\" data-widget_type=\"text-editor.default\">\n\t\t\t\t<div class=\"elementor-widget-container\">\n\t\t\t\t\t\t\t<p>The project is funded within the scope of Research Projects of relevant National Interest - Call for Proposals 2017<\/p>\t\t\t\t\t\t<\/div>\n\t\t\t\t<\/div>\n\t\t\t\t\t<\/div>\n\t\t<\/div>\n\t\t\t\t\t<\/div>\n\t\t<\/section>\n\t\t\t\t\t<\/div>\n\t\t<\/div>\n\t\t\t\t\t<\/div>\n\t\t<\/section>\n\t\t\t\t<section class=\"elementor-section elementor-top-section elementor-element elementor-element-fb035ed elementor-section-boxed elementor-section-height-default elementor-section-height-default\" data-id=\"fb035ed\" data-element_type=\"section\">\n\t\t\t\t\t\t<div class=\"elementor-container elementor-column-gap-default\">\n\t\t\t\t\t<div class=\"elementor-column elementor-col-100 elementor-top-column elementor-element elementor-element-be04c42\" data-id=\"be04c42\" data-element_type=\"column\">\n\t\t\t<div class=\"elementor-widget-wrap elementor-element-populated\">\n\t\t\t\t\t\t<section class=\"elementor-section elementor-inner-section elementor-element elementor-element-c811c9b elementor-section-boxed elementor-section-height-default elementor-section-height-default\" data-id=\"c811c9b\" data-element_type=\"section\">\n\t\t\t\t\t\t<div class=\"elementor-container elementor-column-gap-default\">\n\t\t\t\t\t<div class=\"elementor-column elementor-col-25 elementor-inner-column elementor-element elementor-element-9ad3001\" data-id=\"9ad3001\" data-element_type=\"column\">\n\t\t\t<div class=\"elementor-widget-wrap elementor-element-populated\">\n\t\t\t\t\t\t<div class=\"elementor-element elementor-element-cda5169 elementor-widget elementor-widget-image\" data-id=\"cda5169\" data-element_type=\"widget\" data-widget_type=\"image.default\">\n\t\t\t\t<div class=\"elementor-widget-container\">\n\t\t\t\t\t\t\t\t\t\t\t\t\t\t<a href=\"http:\/\/www.unimi.it\">\n\t\t\t\t\t\t\t<img decoding=\"async\" width=\"282\" height=\"92\" src=\"https:\/\/dairysmart.unimi.it\/wp-content\/uploads\/2019\/09\/home-logo-unimi.png\" class=\"attachment-large size-large wp-image-66\" alt=\"\" srcset=\"https:\/\/dairysmart.unimi.it\/wp-content\/uploads\/2019\/09\/home-logo-unimi.png 282w, https:\/\/dairysmart.unimi.it\/wp-content\/uploads\/2019\/09\/home-logo-unimi-150x49.png 150w\" sizes=\"(max-width: 282px) 100vw, 282px\" \/>\t\t\t\t\t\t\t\t<\/a>\n\t\t\t\t\t\t\t\t\t\t\t\t\t<\/div>\n\t\t\t\t<\/div>\n\t\t\t\t\t<\/div>\n\t\t<\/div>\n\t\t\t\t<div class=\"elementor-column elementor-col-25 elementor-inner-column elementor-element elementor-element-ab33593\" data-id=\"ab33593\" data-element_type=\"column\">\n\t\t\t<div class=\"elementor-widget-wrap elementor-element-populated\">\n\t\t\t\t\t\t<div class=\"elementor-element elementor-element-ecb4ed5 elementor-widget elementor-widget-image\" data-id=\"ecb4ed5\" data-element_type=\"widget\" data-widget_type=\"image.default\">\n\t\t\t\t<div class=\"elementor-widget-container\">\n\t\t\t\t\t\t\t\t\t\t\t\t\t\t<a href=\"http:\/\/www.unifi.it\">\n\t\t\t\t\t\t\t<img loading=\"lazy\" decoding=\"async\" width=\"220\" height=\"92\" src=\"https:\/\/dairysmart.unimi.it\/wp-content\/uploads\/2019\/09\/home-logo-unifi.png\" class=\"attachment-large size-large wp-image-65\" alt=\"\" srcset=\"https:\/\/dairysmart.unimi.it\/wp-content\/uploads\/2019\/09\/home-logo-unifi.png 220w, https:\/\/dairysmart.unimi.it\/wp-content\/uploads\/2019\/09\/home-logo-unifi-150x63.png 150w\" sizes=\"(max-width: 220px) 100vw, 220px\" \/>\t\t\t\t\t\t\t\t<\/a>\n\t\t\t\t\t\t\t\t\t\t\t\t\t<\/div>\n\t\t\t\t<\/div>\n\t\t\t\t\t<\/div>\n\t\t<\/div>\n\t\t\t\t<div class=\"elementor-column elementor-col-25 elementor-inner-column elementor-element elementor-element-163a11f\" data-id=\"163a11f\" data-element_type=\"column\">\n\t\t\t<div class=\"elementor-widget-wrap elementor-element-populated\">\n\t\t\t\t\t\t<div class=\"elementor-element elementor-element-d11b4e0 elementor-widget elementor-widget-image\" data-id=\"d11b4e0\" data-element_type=\"widget\" data-widget_type=\"image.default\">\n\t\t\t\t<div class=\"elementor-widget-container\">\n\t\t\t\t\t\t\t\t\t\t\t\t\t\t<a href=\"http:\/\/www.unibo.it\">\n\t\t\t\t\t\t\t<img loading=\"lazy\" decoding=\"async\" width=\"150\" height=\"93\" src=\"https:\/\/dairysmart.unimi.it\/wp-content\/uploads\/2019\/09\/home-logo-unibo-150x93.png\" class=\"attachment-post-thumbnail size-post-thumbnail wp-image-63\" alt=\"\" srcset=\"https:\/\/dairysmart.unimi.it\/wp-content\/uploads\/2019\/09\/home-logo-unibo-150x93.png 150w, https:\/\/dairysmart.unimi.it\/wp-content\/uploads\/2019\/09\/home-logo-unibo.png 217w\" sizes=\"(max-width: 150px) 100vw, 150px\" \/>\t\t\t\t\t\t\t\t<\/a>\n\t\t\t\t\t\t\t\t\t\t\t\t\t<\/div>\n\t\t\t\t<\/div>\n\t\t\t\t\t<\/div>\n\t\t<\/div>\n\t\t\t\t<div class=\"elementor-column elementor-col-25 elementor-inner-column elementor-element elementor-element-c865deb\" data-id=\"c865deb\" data-element_type=\"column\">\n\t\t\t<div class=\"elementor-widget-wrap elementor-element-populated\">\n\t\t\t\t\t\t<div class=\"elementor-element elementor-element-eedbec8 elementor-widget elementor-widget-image\" data-id=\"eedbec8\" data-element_type=\"widget\" data-widget_type=\"image.default\">\n\t\t\t\t<div class=\"elementor-widget-container\">\n\t\t\t\t\t\t\t\t\t\t\t\t\t\t<a href=\"http:\/\/www.unict.it\">\n\t\t\t\t\t\t\t<img loading=\"lazy\" decoding=\"async\" width=\"220\" height=\"92\" src=\"https:\/\/dairysmart.unimi.it\/wp-content\/uploads\/2019\/09\/home-logo-unict.png\" class=\"attachment-large size-large wp-image-64\" alt=\"\" srcset=\"https:\/\/dairysmart.unimi.it\/wp-content\/uploads\/2019\/09\/home-logo-unict.png 220w, https:\/\/dairysmart.unimi.it\/wp-content\/uploads\/2019\/09\/home-logo-unict-150x63.png 150w\" sizes=\"(max-width: 220px) 100vw, 220px\" \/>\t\t\t\t\t\t\t\t<\/a>\n\t\t\t\t\t\t\t\t\t\t\t\t\t<\/div>\n\t\t\t\t<\/div>\n\t\t\t\t\t<\/div>\n\t\t<\/div>\n\t\t\t\t\t<\/div>\n\t\t<\/section>\n\t\t\t\t\t<\/div>\n\t\t<\/div>\n\t\t\t\t\t<\/div>\n\t\t<\/section>\n\t\t\t\t<\/div>","protected":false},"excerpt":{"rendered":"<p>Smart dairy farming: innovative solutions to improve herd productivity Task 1\u00a0-&gt; valutazione emonitoraggio delle stallee degli animali per ridurre lo stress da caldo che provoca comportamenti insoliti,un calo della fertilit\u00e0e un peggioramento della qualit\u00e0e della quantit\u00e0 di latte prodotto \u00a0 \u00a0 Task 2\u00a0-&gt;valutazione emonitoraggio del comportamentodegli animali con e senza pascolo, poich\u00e9 la carenza di&#8230;<\/p>","protected":false},"author":1,"featured_media":0,"parent":0,"menu_order":0,"comment_status":"closed","ping_status":"closed","template":"","meta":{"footnotes":""},"class_list":["post-225","page","type-page","status-publish","hentry"],"_links":{"self":[{"href":"https:\/\/dairysmart.unimi.it\/en\/wp-json\/wp\/v2\/pages\/225","targetHints":{"allow":["GET"]}}],"collection":[{"href":"https:\/\/dairysmart.unimi.it\/en\/wp-json\/wp\/v2\/pages"}],"about":[{"href":"https:\/\/dairysmart.unimi.it\/en\/wp-json\/wp\/v2\/types\/page"}],"author":[{"embeddable":true,"href":"https:\/\/dairysmart.unimi.it\/en\/wp-json\/wp\/v2\/users\/1"}],"replies":[{"embeddable":true,"href":"https:\/\/dairysmart.unimi.it\/en\/wp-json\/wp\/v2\/comments?post=225"}],"version-history":[{"count":9,"href":"https:\/\/dairysmart.unimi.it\/en\/wp-json\/wp\/v2\/pages\/225\/revisions"}],"predecessor-version":[{"id":836,"href":"https:\/\/dairysmart.unimi.it\/en\/wp-json\/wp\/v2\/pages\/225\/revisions\/836"}],"wp:attachment":[{"href":"https:\/\/dairysmart.unimi.it\/en\/wp-json\/wp\/v2\/media?parent=225"}],"curies":[{"name":"wp","href":"https:\/\/api.w.org\/{rel}","templated":true}]}}